{"id":25,"date":"2025-10-28T12:24:07","date_gmt":"2025-10-28T12:24:07","guid":{"rendered":"https:\/\/hoteljurajski.com.pl\/?page_id=25"},"modified":"2025-10-28T12:24:07","modified_gmt":"2025-10-28T12:24:07","slug":"o-blogu-podkarpackie-wypoczywanie","status":"publish","type":"page","link":"https:\/\/hoteljurajski.com.pl\/?page_id=25","title":{"rendered":"O blogu \u201ePodkarpackie Wypoczywanie\u201d"},"content":{"rendered":"\n<p>Ten blog powsta\u0142 z potrzeby dzielenia si\u0119 spokojem. Pisz\u0119 o miejscach, kt\u00f3re maj\u0105 dusz\u0119 \u2013 o hotelach, kt\u00f3re pachn\u0105 drewnem i zio\u0142ami, o spa, kt\u00f3re ucz\u0105 uwa\u017cno\u015bci, o salach, w kt\u00f3rych \u015bwi\u0119towanie nabiera magii. To opowie\u015bci o podr\u00f3\u017cach, relaksie i go\u015bcinno\u015bci, kt\u00f3re tworz\u0105 klimat Podkarpacia.<br><img decoding=\"async\" src=\"https:\/\/a.slack-edge.com\/production-standard-emoji-assets\/14.0\/apple-medium\/1f33f.png\" alt=\":herb:\">&nbsp;Poznasz tu hotele, kt\u00f3re \u0142\u0105cz\u0105 tradycj\u0119 z nowoczesno\u015bci\u0105.<br><img decoding=\"async\" src=\"https:\/\/a.slack-edge.com\/production-standard-emoji-assets\/14.0\/apple-medium\/1f4a7.png\" alt=\":droplet:\">&nbsp;Dowiesz si\u0119, jak dba\u0107 o siebie w rytmie natury.<br><img decoding=\"async\" src=\"https:\/\/a.slack-edge.com\/production-standard-emoji-assets\/14.0\/apple-medium\/1f48d.png\" alt=\":ring:\">&nbsp;Zainspirujesz si\u0119 pomys\u0142ami na \u015blub i przyj\u0119cie w wyj\u0105tkowym stylu.<br><img decoding=\"async\" src=\"https:\/\/a.slack-edge.com\/production-standard-emoji-assets\/14.0\/apple-medium\/1f56f-fe0f.png\" alt=\":candle:\">&nbsp;Odkryjesz filozofi\u0119 slow life w najpi\u0119kniejszych zak\u0105tkach regionu.<br><img decoding=\"async\" src=\"https:\/\/a.slack-edge.com\/production-standard-emoji-assets\/14.0\/apple-medium\/1f3d4-fe0f.png\" alt=\":snow_capped_mountain:\">&nbsp;Zajrzyj tu, gdy potrzebujesz chwili oddechu \u2013 znajdziesz j\u0105 mi\u0119dzy s\u0142owami.<\/p>\n","protected":false},"excerpt":{"rendered":"<p>Ten blog powsta\u0142 z potrzeby dzielenia si\u0119 spokojem. Pisz\u0119 o miejscach, kt\u00f3re maj\u0105 dusz\u0119 \u2013 o hotelach, kt\u00f3re pachn\u0105 drewnem i zio\u0142ami, o spa, kt\u00f3re ucz\u0105 uwa\u017cno\u015bci, o salach, w kt\u00f3rych \u015bwi\u0119towanie nabiera magii. To opowie\u015bci o podr\u00f3\u017cach, relaksie i go\u015bcinno\u015bci, kt\u00f3re tworz\u0105 klimat Podkarpacia.&nbsp;Poznasz tu hotele, kt\u00f3re \u0142\u0105cz\u0105 tradycj\u0119 z nowoczesno\u015bci\u0105.&nbsp;Dowiesz si\u0119, jak dba\u0107 [&hellip;]<\/p>\n","protected":false},"author":1,"featured_media":0,"parent":0,"menu_order":0,"comment_status":"closed","ping_status":"closed","template":"","meta":{"footnotes":""},"class_list":["post-25","page","type-page","status-publish","hentry"],"_links":{"self":[{"href":"https:\/\/hoteljurajski.com.pl\/index.php?rest_route=\/wp\/v2\/pages\/25","targetHints":{"allow":["GET"]}}],"collection":[{"href":"https:\/\/hoteljurajski.com.pl\/index.php?rest_route=\/wp\/v2\/pages"}],"about":[{"href":"https:\/\/hoteljurajski.com.pl\/index.php?rest_route=\/wp\/v2\/types\/page"}],"author":[{"embeddable":true,"href":"https:\/\/hoteljurajski.com.pl\/index.php?rest_route=\/wp\/v2\/users\/1"}],"replies":[{"embeddable":true,"href":"https:\/\/hoteljurajski.com.pl\/index.php?rest_route=%2Fwp%2Fv2%2Fcomments&post=25"}],"version-history":[{"count":0,"href":"https:\/\/hoteljurajski.com.pl\/index.php?rest_route=\/wp\/v2\/pages\/25\/revisions"}],"wp:attachment":[{"href":"https:\/\/hoteljurajski.com.pl\/index.php?rest_route=%2Fwp%2Fv2%2Fmedia&parent=25"}],"curies":[{"name":"wp","href":"https:\/\/api.w.org\/{rel}","templated":true}]}}